{"id":1035,"date":"2021-10-27T13:19:49","date_gmt":"2021-10-27T13:19:49","guid":{"rendered":"https:\/\/aemachadodematos.pt\/agrupamento\/?page_id=1035"},"modified":"2024-09-25T14:57:42","modified_gmt":"2024-09-25T14:57:42","slug":"outros-documentos","status":"publish","type":"page","link":"https:\/\/aemachadodematos.pt\/agrupamento\/apresentacao\/outros-documentos\/","title":{"rendered":"Outros Documentos"},"content":{"rendered":"<p>[vc_row gap=&#8221;10&#8243; css=&#8221;.vc_custom_1490017966821{margin-bottom: 30px !important;}&#8221;][vc_column width=&#8221;1\/2&#8243; css=&#8221;.vc_custom_1490017992194{margin-bottom: 0px !important;}&#8221;][vc_gallery interval=&#8221;3&#8243; images=&#8221;458&#8243; img_size=&#8221;full&#8221;][\/vc_column][vc_column width=&#8221;1\/2&#8243; css=&#8221;.vc_custom_1490018000129{margin-bottom: 0px !important;}&#8221;]\n\t\t\t\t\t<div class=\"wh-theme-icon vc_custom_1626734377428  scp_theme_icon-1f2f5e94d0f41cdd106f728538f6c83b\">\n\t\t\t\t<i class=\"icon-edopen-book\"><\/i>\n\t\t\t<\/div>\n\t\t\t\t[vc_custom_heading text=&#8221;Estrat\u00e9gia de Educa\u00e7\u00e3o para a Cidadania&#8221; font_container=&#8221;tag:h4|font_size:15px|text_align:left|color:%23000000&#8243; use_theme_fonts=&#8221;yes&#8221; css=&#8221;.vc_custom_1727275824001{margin-bottom: 10px !important;padding-left: 18px !important;}&#8221;][vc_column_text css=&#8221;.vc_custom_1727276259239{margin-bottom: 0px !important;padding-left: 18px !important;}&#8221;]<a href=\"https:\/\/aemachadodematos.pt\/agrupamento\/ficheiros\/documentosestruturantes\/Estrategia_Educacao_Cidadania_AEDMM_24-25.pdf\" target=\"_blank\" rel=\"noopener\">Consultar documento<\/a>[\/vc_column_text]\n\t\t\t\t\t<div class=\"wh-theme-icon vc_custom_1626734377428  scp_theme_icon-1f2f5e94d0f41cdd106f728538f6c83b\">\n\t\t\t\t<i class=\"icon-edopen-book\"><\/i>\n\t\t\t<\/div>\n\t\t\t\t[vc_custom_heading text=&#8221;Relat\u00f3rio Anual de Forma\u00e7\u00e3o&#8221; font_container=&#8221;tag:h4|font_size:15px|text_align:left|color:%23000000&#8243; use_theme_fonts=&#8221;yes&#8221; css=&#8221;.vc_custom_1695240801220{margin-bottom: 10px !important;padding-left: 18px !important;}&#8221;][vc_column_text css=&#8221;.vc_custom_1695240759031{margin-bottom: 0px !important;padding-left: 18px !important;}&#8221;]<a href=\"https:\/\/aemachadodematos.pt\/agrupamento\/ficheiros\/documentosestruturantes\/-Relatorio-Anual-Formacao-2022-2023.pdf\" target=\"_blank\" rel=\"noopener\">Consultar documento<\/a><a> \u00a0<\/a><a href=\"https:\/\/www.cfaesn.org\/\" target=\"_blank\" rel=\"noopener\"><img loading=\"lazy\" decoding=\"async\" class=\"alignnone\" src=\"https:\/\/aemachadodematos.pt\/agrupamento\/ficheiros\/cfaesn.png\" alt=\"cfaesn\" width=\"69\" height=\"32\" \/><\/a><a>[\/vc_column_text]\n\t\t\t\t\t<div class=\"wh-theme-icon vc_custom_1626734377428  scp_theme_icon-1f2f5e94d0f41cdd106f728538f6c83b\">\n\t\t\t\t<i class=\"icon-edopen-book\"><\/i>\n\t\t\t<\/div>\n\t\t\t\t[vc_custom_heading text=&#8221;Plano de Forma\u00e7\u00e3o Bi\u00e9nio 2020-2022&#8243; font_container=&#8221;tag:h4|font_size:15px|text_align:left|color:%23000000&#8243; use_theme_fonts=&#8221;yes&#8221; css=&#8221;.vc_custom_1627311878914{margin-bottom: 10px !important;padding-left: 18px !important;}&#8221;][vc_column_text css=&#8221;.vc_custom_1631738377560{margin-bottom: 0px !important;padding-left: 18px !important;}&#8221;]<\/a><a href=\"https:\/\/aemachadodematos.pt\/agrupamento\/wp-content\/uploads\/2021\/07\/PLANO-DE-FORMACAO-2020.2022.pdf\" target=\"_blank\" rel=\"noopener\">Consultar documento<\/a><a>[\/vc_column_text]\n\t\t\t\t\t<div class=\"wh-theme-icon vc_custom_1626734377428  scp_theme_icon-1f2f5e94d0f41cdd106f728538f6c83b\">\n\t\t\t\t<i class=\"icon-edopen-book\"><\/i>\n\t\t\t<\/div>\n\t\t\t\t[vc_custom_heading text=&#8221;Relat\u00f3rio de Execu\u00e7\u00e3o do Plano de Melhorias&#8221; font_container=&#8221;tag:h4|font_size:15px|text_align:left|color:%23000000&#8243; use_theme_fonts=&#8221;yes&#8221; css=&#8221;.vc_custom_1627316218787{margin-bottom: 10px !important;padding-left: 18px !important;}&#8221;][vc_column_text css=&#8221;.vc_custom_1631738388079{margin-bottom: 0px !important;padding-left: 18px !important;}&#8221;]<\/a><a href=\"https:\/\/aemachadodematos.pt\/agrupamento\/wp-content\/uploads\/2021\/07\/Relatorio_Versao_final_PM_CAF.pdf\" target=\"_blank\" rel=\"noopener\">Consultar documento<\/a><a>[\/vc_column_text]\n\t\t\t\t\t<div class=\"wh-theme-icon vc_custom_1626734377428  scp_theme_icon-1f2f5e94d0f41cdd106f728538f6c83b\">\n\t\t\t\t<i class=\"icon-edopen-book\"><\/i>\n\t\t\t<\/div>\n\t\t\t\t[vc_custom_heading text=&#8221;Plano de Melhorias&#8221; font_container=&#8221;tag:h4|font_size:15px|text_align:left|color:%23000000&#8243; use_theme_fonts=&#8221;yes&#8221; css=&#8221;.vc_custom_1695238733836{margin-bottom: 10px !important;padding-left: 18px !important;}&#8221;][vc_column_text css=&#8221;.vc_custom_1695238721111{margin-bottom: 0px !important;padding-left: 18px !important;}&#8221;]<\/a><a href=\"https:\/\/aemachadodematos.pt\/agrupamento\/ficheiros\/documentosestruturantes\/-Plano-de-Melhorias.pdf\" target=\"_blank\" rel=\"noopener\">Consultar documento<\/a><a>[\/vc_column_text]\n\t\t\t\t\t<div class=\"wh-theme-icon vc_custom_1626734377428  scp_theme_icon-1f2f5e94d0f41cdd106f728538f6c83b\">\n\t\t\t\t<i class=\"icon-edopen-book\"><\/i>\n\t\t\t<\/div>\n\t\t\t\t[vc_custom_heading text=&#8221;Relat\u00f3rio de Autoavalia\u00e7\u00e3o&#8221; font_container=&#8221;tag:h4|font_size:15px|text_align:left|color:%23000000&#8243; use_theme_fonts=&#8221;yes&#8221; css=&#8221;.vc_custom_1695238994320{margin-bottom: 10px !important;padding-left: 18px !important;}&#8221;][vc_column_text css=&#8221;.vc_custom_1695239145815{margin-bottom: 0px !important;padding-left: 18px !important;}&#8221;]<\/a><a href=\"https:\/\/aemachadodematos.pt\/agrupamento\/ficheiros\/documentosestruturantes\/-Relatorio-de-Autoavaliacao.pdf\" target=\"_blank\" rel=\"noopener\">Consultar documento<\/a><a>[\/vc_column_text]\n\t\t\t\t\t<div class=\"wh-theme-icon vc_custom_1626734377428  scp_theme_icon-1f2f5e94d0f41cdd106f728538f6c83b\">\n\t\t\t\t<i class=\"icon-edopen-book\"><\/i>\n\t\t\t<\/div>\n\t\t\t\t[vc_custom_heading text=&#8221;Relat\u00f3rio de An\u00e1lise dos Question\u00e1rios de Satisfa\u00e7\u00e3o do Ensino Profissional 2021-2022&#8243; font_container=&#8221;tag:h4|font_size:15px|text_align:left|color:%23000000&#8243; use_theme_fonts=&#8221;yes&#8221; css=&#8221;.vc_custom_1695239606140{margin-bottom: 10px !important;padding-left: 18px !important;}&#8221;][vc_column_text css=&#8221;.vc_custom_1695239595420{margin-bottom: 0px !important;padding-left: 18px !important;}&#8221;]<\/a><a href=\"https:\/\/aemachadodematos.pt\/agrupamento\/ficheiros\/documentosestruturantes\/-Relatorio-de-AQS-Ensino-Profissional-2021-2022.pdf\" target=\"_blank\" rel=\"noopener\">Consultar documento<\/a><a>[\/vc_column_text]\n\t\t\t\t\t<div class=\"wh-theme-icon vc_custom_1626734377428  scp_theme_icon-1f2f5e94d0f41cdd106f728538f6c83b\">\n\t\t\t\t<i class=\"icon-edopen-book\"><\/i>\n\t\t\t<\/div>\n\t\t\t\t[vc_custom_heading text=&#8221;Relat\u00f3rio de An\u00e1lise dos Question\u00e1rios de Satisfa\u00e7\u00e3o 2022-2023&#8243; font_container=&#8221;tag:h4|font_size:15px|text_align:left|color:%23000000&#8243; use_theme_fonts=&#8221;yes&#8221; css=&#8221;.vc_custom_1695239743020{margin-bottom: 10px !important;padding-left: 18px !important;}&#8221;][vc_column_text css=&#8221;.vc_custom_1695240089152{margin-bottom: 0px !important;padding-left: 18px !important;}&#8221;]<\/a><a href=\"https:\/\/aemachadodematos.pt\/agrupamento\/ficheiros\/documentosestruturantes\/-Relatorio-AQS-2022-2023.pdf\" target=\"_blank\" rel=\"noopener\">Consultar documento<\/a><a>\u00a0<\/a><a>[\/vc_column_text][\/vc_column][\/vc_row][vc_row][vc_column][vc_column_text]<\/a><a>[\/vc_column_text][\/vc_column][\/vc_row][vc_row][vc_column][vc_column_text]<\/a>[\/vc_column_text][\/vc_column][\/vc_row]<\/p>\n","protected":false},"excerpt":{"rendered":"<p>[vc_row gap=&#8221;10&#8243; css=&#8221;.vc_custom_1490017966821{margin-bottom: 30px !important;}&#8221;][vc_column width=&#8221;1\/2&#8243; css=&#8221;.vc_custom_1490017992194{margin-bottom: 0px !important;}&#8221;][vc_gallery interval=&#8221;3&#8243; images=&#8221;458&#8243; img_size=&#8221;full&#8221;][\/vc_column][vc_column width=&#8221;1\/2&#8243; css=&#8221;.vc_custom_1490018000129{margin-bottom: 0px !important;}&#8221;][vc_custom_heading text=&#8221;Estrat\u00e9gia de Educa\u00e7\u00e3o para a Cidadania&#8221; font_container=&#8221;tag:h4|font_size:15px|text_align:left|color:%23000000&#8243; use_theme_fonts=&#8221;yes&#8221; css=&#8221;.vc_custom_1727275824001{margin-bottom: 10px !important;padding-left: 18px !important;}&#8221;][vc_column_text css=&#8221;.vc_custom_1727276259239{margin-bottom: 0px !important;padding-left: 18px !important;}&#8221;]Consultar documento[\/vc_column_text][vc_custom_heading text=&#8221;Relat\u00f3rio Anual de Forma\u00e7\u00e3o&#8221; font_container=&#8221;tag:h4|font_size:15px|text_align:left|color:%23000000&#8243;&nbsp;<a href=\"https:\/\/aemachadodematos.pt\/agrupamento\/apresentacao\/outros-documentos\/\">&hellip;<\/a><\/p>\n","protected":false},"author":1,"featured_media":0,"parent":505,"menu_order":3,"comment_status":"closed","ping_status":"closed","template":"template-sidebar-right-childpages.php","meta":{"_uag_custom_page_level_css":"","footnotes":""},"class_list":["post-1035","page","type-page","status-publish","hentry","odd"],"mb":[],"uagb_featured_image_src":{"full":false,"thumbnail":false,"medium":false,"medium_large":false,"large":false,"1536x1536":false,"2048x2048":false,"classic-grid-listing":false,"classic-list-listing":false,"modern-grid-listing":false,"product-page-image":false,"product-category-page-image":false,"post-thumbnail":false,"ed-school-featured-image":false,"ed-school-medium":false,"ed-school-medium-alt":false,"ed-school-square":false,"ed-school-square-small":false},"uagb_author_info":{"display_name":"admin","author_link":"https:\/\/aemachadodematos.pt\/agrupamento\/author\/admin\/"},"uagb_comment_info":0,"uagb_excerpt":"[vc_row gap=&#8221;10&#8243; css=&#8221;.vc_custom_1490017966821{margin-bottom: 30px !important;}&#8221;][vc_column width=&#8221;1\/2&#8243; css=&#8221;.vc_custom_1490017992194{margin-bottom: 0px !important;}&#8221;][vc_gallery interval=&#8221;3&#8243; images=&#8221;458&#8243; img_size=&#8221;full&#8221;][\/vc_column][vc_column width=&#8221;1\/2&#8243; css=&#8221;.vc_custom_1490018000129{margin-bottom: 0px !important;}&#8221;][vc_custom_heading text=&#8221;Estrat\u00e9gia de Educa\u00e7\u00e3o para a Cidadania&#8221; font_container=&#8221;tag:h4|font_size:15px|text_align:left|color:%23000000&#8243; use_theme_fonts=&#8221;yes&#8221; css=&#8221;.vc_custom_1727275824001{margin-bottom: 10px !important;padding-left: 18px !important;}&#8221;][vc_column_text css=&#8221;.vc_custom_1727276259239{margin-bottom: 0px !important;padding-left: 18px !important;}&#8221;]Consultar documento[\/vc_column_text][vc_custom_heading text=&#8221;Relat\u00f3rio Anual de Forma\u00e7\u00e3o&#8221; font_container=&#8221;tag:h4|font_size:15px|text_align:left|color:%23000000&#8243;&nbsp;&hellip;","mfb_rest_fields":["title","uagb_featured_image_src","uagb_author_info","uagb_comment_info","uagb_excerpt"],"_links":{"self":[{"href":"https:\/\/aemachadodematos.pt\/agrupamento\/wp-json\/wp\/v2\/pages\/1035","targetHints":{"allow":["GET"]}}],"collection":[{"href":"https:\/\/aemachadodematos.pt\/agrupamento\/wp-json\/wp\/v2\/pages"}],"about":[{"href":"https:\/\/aemachadodematos.pt\/agrupamento\/wp-json\/wp\/v2\/types\/page"}],"author":[{"embeddable":true,"href":"https:\/\/aemachadodematos.pt\/agrupamento\/wp-json\/wp\/v2\/users\/1"}],"replies":[{"embeddable":true,"href":"https:\/\/aemachadodematos.pt\/agrupamento\/wp-json\/wp\/v2\/comments?post=1035"}],"version-history":[{"count":18,"href":"https:\/\/aemachadodematos.pt\/agrupamento\/wp-json\/wp\/v2\/pages\/1035\/revisions"}],"predecessor-version":[{"id":3524,"href":"https:\/\/aemachadodematos.pt\/agrupamento\/wp-json\/wp\/v2\/pages\/1035\/revisions\/3524"}],"up":[{"embeddable":true,"href":"https:\/\/aemachadodematos.pt\/agrupamento\/wp-json\/wp\/v2\/pages\/505"}],"wp:attachment":[{"href":"https:\/\/aemachadodematos.pt\/agrupamento\/wp-json\/wp\/v2\/media?parent=1035"}],"curies":[{"name":"wp","href":"https:\/\/api.w.org\/{rel}","templated":true}]}}