{"id":3380,"date":"2024-07-17T09:20:32","date_gmt":"2024-07-17T09:20:32","guid":{"rendered":"https:\/\/aemachadodematos.pt\/agrupamento\/?page_id=3380"},"modified":"2025-03-07T17:31:35","modified_gmt":"2025-03-07T17:31:35","slug":"provas-e-exames","status":"publish","type":"page","link":"https:\/\/aemachadodematos.pt\/agrupamento\/provas-e-exames\/","title":{"rendered":"Provas e Exames"},"content":{"rendered":"\n\n\n<h2 class=\"wp-block-heading\"><\/h2>\n\n\n\n<p>O processo de <strong>inscri\u00e7\u00e3o\u00a0<\/strong>para a realiza\u00e7\u00e3o de\u00a0<strong>provas e exames<\/strong>, no ano letivo 2024\/2025, efetua-se atrav\u00e9s da\u00a0<strong>PIEPE<\/strong>, a disponibilizar no endere\u00e7o\u00a0<a href=\"https:\/\/jnepiepe.dge.mec.pt\/\" target=\"_blank\" rel=\"noreferrer noopener\">https:\/\/jnepiepe.dge.mec.pt<\/a>, tendo o encarregado de educa\u00e7\u00e3o ou o aluno, quando maior, de efetuar, primeiramente, o registo na plataforma.<\/p>\n\n\n\n<p>Devem seguir os procedimentos do cap\u00edtulo V &#8211; PLATAFORMA DE INSCRI\u00c7\u00c3O ELETR\u00d3NICA EM PROVAS E EXAMES &#8211; PIEPE, p\u00e1g. 18 e seguintes para a respetiva inscri\u00e7\u00e3o nas disciplinas pretendidas, nos prazos estipulados, 6 a 19 de mar\u00e7o (1.\u00aa fase).<\/p>\n\n\n\n<p><\/p>\n\n\n\n<p><\/p>\n\n\n\n\n\n<p><\/p>\n\n\n","protected":false},"excerpt":{"rendered":"<p>O processo de inscri\u00e7\u00e3o\u00a0para a realiza\u00e7\u00e3o de\u00a0provas e exames, no ano letivo 2024\/2025, efetua-se atrav\u00e9s da\u00a0PIEPE, a disponibilizar no endere\u00e7o\u00a0https:\/\/jnepiepe.dge.mec.pt, tendo o encarregado de educa\u00e7\u00e3o ou o aluno, quando maior, de efetuar, primeiramente, o registo na plataforma. Devem seguir os&nbsp;<a href=\"https:\/\/aemachadodematos.pt\/agrupamento\/provas-e-exames\/\">&hellip;<\/a><\/p>\n","protected":false},"author":1,"featured_media":2541,"parent":0,"menu_order":0,"comment_status":"closed","ping_status":"closed","template":"","meta":{"_uag_custom_page_level_css":"","footnotes":""},"class_list":["post-3380","page","type-page","status-publish","has-post-thumbnail","hentry","odd"],"mb":[],"uagb_featured_image_src":{"full":["https:\/\/aemachadodematos.pt\/agrupamento\/wp-content\/uploads\/2023\/06\/dac5b1.png",990,500,false],"thumbnail":["https:\/\/aemachadodematos.pt\/agrupamento\/wp-content\/uploads\/2023\/06\/dac5b1-150x150.png",150,150,true],"medium":["https:\/\/aemachadodematos.pt\/agrupamento\/wp-content\/uploads\/2023\/06\/dac5b1-300x152.png",300,152,true],"medium_large":["https:\/\/aemachadodematos.pt\/agrupamento\/wp-content\/uploads\/2023\/06\/dac5b1.png",768,388,false],"large":["https:\/\/aemachadodematos.pt\/agrupamento\/wp-content\/uploads\/2023\/06\/dac5b1-990x500.png",990,500,true],"1536x1536":["https:\/\/aemachadodematos.pt\/agrupamento\/wp-content\/uploads\/2023\/06\/dac5b1-990x500.png",990,500,true],"2048x2048":["https:\/\/aemachadodematos.pt\/agrupamento\/wp-content\/uploads\/2023\/06\/dac5b1-990x500.png",990,500,true],"classic-grid-listing":["https:\/\/aemachadodematos.pt\/agrupamento\/wp-content\/uploads\/2023\/06\/dac5b1-600x303.png",600,303,true],"classic-list-listing":["https:\/\/aemachadodematos.pt\/agrupamento\/wp-content\/uploads\/2023\/06\/dac5b1-280x141.png",280,141,true],"modern-grid-listing":["https:\/\/aemachadodematos.pt\/agrupamento\/wp-content\/uploads\/2023\/06\/dac5b1-600x384.png",600,384,true],"product-page-image":["https:\/\/aemachadodematos.pt\/agrupamento\/wp-content\/uploads\/2023\/06\/dac5b1-600x303.png",600,303,true],"product-category-page-image":["https:\/\/aemachadodematos.pt\/agrupamento\/wp-content\/uploads\/2023\/06\/dac5b1-600x303.png",600,303,true],"post-thumbnail":["https:\/\/aemachadodematos.pt\/agrupamento\/wp-content\/uploads\/2023\/06\/dac5b1-150x76.png",150,76,true],"ed-school-featured-image":["https:\/\/aemachadodematos.pt\/agrupamento\/wp-content\/uploads\/2023\/06\/dac5b1-990x500.png",990,500,true],"ed-school-medium":["https:\/\/aemachadodematos.pt\/agrupamento\/wp-content\/uploads\/2023\/06\/dac5b1-768x500.png",768,500,true],"ed-school-medium-alt":["https:\/\/aemachadodematos.pt\/agrupamento\/wp-content\/uploads\/2023\/06\/dac5b1-768x410.png",768,410,true],"ed-school-square":["https:\/\/aemachadodematos.pt\/agrupamento\/wp-content\/uploads\/2023\/06\/dac5b1-768x500.png",768,500,true],"ed-school-square-small":["https:\/\/aemachadodematos.pt\/agrupamento\/wp-content\/uploads\/2023\/06\/dac5b1-420x420.png",420,420,true]},"uagb_author_info":{"display_name":"admin","author_link":"https:\/\/aemachadodematos.pt\/agrupamento\/author\/admin\/"},"uagb_comment_info":0,"uagb_excerpt":"O processo de inscri\u00e7\u00e3o\u00a0para a realiza\u00e7\u00e3o de\u00a0provas e exames, no ano letivo 2024\/2025, efetua-se atrav\u00e9s da\u00a0PIEPE, a disponibilizar no endere\u00e7o\u00a0https:\/\/jnepiepe.dge.mec.pt, tendo o encarregado de educa\u00e7\u00e3o ou o aluno, quando maior, de efetuar, primeiramente, o registo na plataforma. Devem seguir os&nbsp;&hellip;","mfb_rest_fields":["title","uagb_featured_image_src","uagb_author_info","uagb_comment_info","uagb_excerpt"],"_links":{"self":[{"href":"https:\/\/aemachadodematos.pt\/agrupamento\/wp-json\/wp\/v2\/pages\/3380","targetHints":{"allow":["GET"]}}],"collection":[{"href":"https:\/\/aemachadodematos.pt\/agrupamento\/wp-json\/wp\/v2\/pages"}],"about":[{"href":"https:\/\/aemachadodematos.pt\/agrupamento\/wp-json\/wp\/v2\/types\/page"}],"author":[{"embeddable":true,"href":"https:\/\/aemachadodematos.pt\/agrupamento\/wp-json\/wp\/v2\/users\/1"}],"replies":[{"embeddable":true,"href":"https:\/\/aemachadodematos.pt\/agrupamento\/wp-json\/wp\/v2\/comments?post=3380"}],"version-history":[{"count":5,"href":"https:\/\/aemachadodematos.pt\/agrupamento\/wp-json\/wp\/v2\/pages\/3380\/revisions"}],"predecessor-version":[{"id":3858,"href":"https:\/\/aemachadodematos.pt\/agrupamento\/wp-json\/wp\/v2\/pages\/3380\/revisions\/3858"}],"wp:featuredmedia":[{"embeddable":true,"href":"https:\/\/aemachadodematos.pt\/agrupamento\/wp-json\/wp\/v2\/media\/2541"}],"wp:attachment":[{"href":"https:\/\/aemachadodematos.pt\/agrupamento\/wp-json\/wp\/v2\/media?parent=3380"}],"curies":[{"name":"wp","href":"https:\/\/api.w.org\/{rel}","templated":true}]}}