{"id":4152,"date":"2025-07-18T09:46:29","date_gmt":"2025-07-18T09:46:29","guid":{"rendered":"https:\/\/aemachadodematos.pt\/agrupamento\/?page_id=4152"},"modified":"2025-07-18T10:17:48","modified_gmt":"2025-07-18T10:17:48","slug":"lista-de-manuais-escolares-adotados-ano-letivo-2025-2026","status":"publish","type":"page","link":"https:\/\/aemachadodematos.pt\/agrupamento\/lista-de-manuais-escolares-adotados-ano-letivo-2025-2026\/","title":{"rendered":"LISTA DE MANUAIS ESCOLARES ADOTADOS &#8211;\u00a0ANO LETIVO 2025\/2026"},"content":{"rendered":"\n<p><strong>LISTA DE MANUAIS ESCOLARES ADOTADOS &#8211; 1.\u00ba CICLO<\/strong><\/p>\n\n\n\n<p><a href=\"https:\/\/aemachadodematos.pt\/agrupamento\/manuaisadotados2526\/EB%20Cruzeiro_signed.pdf\" target=\"_blank\" rel=\"noreferrer noopener\">Escola B\u00e1sica de Cruzeiro (Vizela S\u00e3o Jorge), Felgueiras<\/a><\/p>\n\n\n\n<p><a href=\"https:\/\/aemachadodematos.pt\/agrupamento\/manuaisadotados2526\/EB%20Estradinha_signed.pdf\" target=\"_blank\" rel=\"noreferrer noopener\">Escola B\u00e1sica de Estradinha, Sendim, Felgueiras<\/a><\/p>\n\n\n\n<p><a href=\"https:\/\/aemachadodematos.pt\/agrupamento\/manuaisadotados2526\/EB%20Font%C3%A3o_signed.pdf\" target=\"_blank\" rel=\"noreferrer noopener\">Escola B\u00e1sica de Font\u00e3o, Felgueiras<\/a><\/p>\n\n\n\n<p><a href=\"https:\/\/aemachadodematos.pt\/agrupamento\/manuaisadotados2526\/EB%20Montinho_signed.pdf\" target=\"_blank\" rel=\"noreferrer noopener\">Escola B\u00e1sica de Montinho, Regilde, Felgueiras<\/a><\/p>\n\n\n\n<p><a href=\"https:\/\/aemachadodematos.pt\/agrupamento\/manuaisadotados2526\/EB%20Ribeirinho_signed.pdf\" target=\"_blank\" rel=\"noreferrer noopener\">Escola B\u00e1sica de Ribeirinho, Penacova, Felgueiras<\/a><\/p>\n\n\n\n<p><a href=\"https:\/\/aemachadodematos.pt\/agrupamento\/manuaisadotados2526\/EB%20Pombeiro_signed.pdf\" target=\"_blank\" rel=\"noreferrer noopener\">Escola B\u00e1sica de Pombeiro de Ribavizela, Felgueiras<\/a><\/p>\n\n\n\n<p><a href=\"https:\/\/aemachadodematos.pt\/agrupamento\/manuaisadotados2526\/EB%20Jugueiros_signed.pdf\" target=\"_blank\" rel=\"noreferrer noopener\">Escola B\u00e1sica de Jugueiros, Felgueiras<\/a><\/p>\n\n\n\n<p><a href=\"https:\/\/aemachadodematos.pt\/agrupamento\/manuaisadotados2526\/EB%20Torrados_signed.pdf\" target=\"_blank\" rel=\"noreferrer noopener\">Escola B\u00e1sica de Torrados, Felgueiras<\/a><\/p>\n\n\n\n<p><a href=\"https:\/\/aemachadodematos.pt\/agrupamento\/manuaisadotados2526\/EB%20Sta%20Luzia_signed.pdf\" target=\"_blank\" rel=\"noreferrer noopener\">Escola B\u00e1sica de Santa Luzia, Lagares, Felgueiras<\/a><\/p>\n\n\n\n<p><strong>LISTA DE MANUAIS ESCOLARES ADOTADOS &#8211; 2.\u00ba\/3.\u00ba CICLOS E ENSINO SECUND\u00c1RIO<\/strong><\/p>\n\n\n\n<p><a href=\"https:\/\/aemachadodematos.pt\/agrupamento\/manuaisadotados2526\/EBSDMM_signed.pdf\" target=\"_blank\" rel=\"noreferrer noopener\">Escola B\u00e1sica e Secund\u00e1ria Dr. Machado de Matos, Felgueiras<\/a><\/p>\n\n\n\n<p><a href=\"https:\/\/aemachadodematos.pt\/agrupamento\/manuaisadotados2526\/EB%20de%20Lagares_signed.pdf\" target=\"_blank\" rel=\"noreferrer noopener\">Escola B\u00e1sica de Lagares, Felgueiras<\/a><\/p>\n\n\n\n<p><\/p>\n","protected":false},"excerpt":{"rendered":"<p>LISTA DE MANUAIS ESCOLARES ADOTADOS &#8211; 1.\u00ba CICLO Escola B\u00e1sica de Cruzeiro (Vizela S\u00e3o Jorge), Felgueiras Escola B\u00e1sica de Estradinha, Sendim, Felgueiras Escola B\u00e1sica de Font\u00e3o, Felgueiras Escola B\u00e1sica de Montinho, Regilde, Felgueiras Escola B\u00e1sica de Ribeirinho, Penacova, Felgueiras Escola&nbsp;<a href=\"https:\/\/aemachadodematos.pt\/agrupamento\/lista-de-manuais-escolares-adotados-ano-letivo-2025-2026\/\">&hellip;<\/a><\/p>\n","protected":false},"author":1,"featured_media":0,"parent":0,"menu_order":0,"comment_status":"closed","ping_status":"closed","template":"","meta":{"_uag_custom_page_level_css":"","footnotes":""},"class_list":["post-4152","page","type-page","status-publish","hentry","odd"],"mb":[],"uagb_featured_image_src":{"full":false,"thumbnail":false,"medium":false,"medium_large":false,"large":false,"1536x1536":false,"2048x2048":false,"classic-grid-listing":false,"classic-list-listing":false,"modern-grid-listing":false,"product-page-image":false,"product-category-page-image":false,"post-thumbnail":false,"ed-school-featured-image":false,"ed-school-medium":false,"ed-school-medium-alt":false,"ed-school-square":false,"ed-school-square-small":false},"uagb_author_info":{"display_name":"admin","author_link":"https:\/\/aemachadodematos.pt\/agrupamento\/author\/admin\/"},"uagb_comment_info":0,"uagb_excerpt":"LISTA DE MANUAIS ESCOLARES ADOTADOS &#8211; 1.\u00ba CICLO Escola B\u00e1sica de Cruzeiro (Vizela S\u00e3o Jorge), Felgueiras Escola B\u00e1sica de Estradinha, Sendim, Felgueiras Escola B\u00e1sica de Font\u00e3o, Felgueiras Escola B\u00e1sica de Montinho, Regilde, Felgueiras Escola B\u00e1sica de Ribeirinho, Penacova, Felgueiras Escola&nbsp;&hellip;","mfb_rest_fields":["title","uagb_featured_image_src","uagb_author_info","uagb_comment_info","uagb_excerpt"],"_links":{"self":[{"href":"https:\/\/aemachadodematos.pt\/agrupamento\/wp-json\/wp\/v2\/pages\/4152","targetHints":{"allow":["GET"]}}],"collection":[{"href":"https:\/\/aemachadodematos.pt\/agrupamento\/wp-json\/wp\/v2\/pages"}],"about":[{"href":"https:\/\/aemachadodematos.pt\/agrupamento\/wp-json\/wp\/v2\/types\/page"}],"author":[{"embeddable":true,"href":"https:\/\/aemachadodematos.pt\/agrupamento\/wp-json\/wp\/v2\/users\/1"}],"replies":[{"embeddable":true,"href":"https:\/\/aemachadodematos.pt\/agrupamento\/wp-json\/wp\/v2\/comments?post=4152"}],"version-history":[{"count":4,"href":"https:\/\/aemachadodematos.pt\/agrupamento\/wp-json\/wp\/v2\/pages\/4152\/revisions"}],"predecessor-version":[{"id":4159,"href":"https:\/\/aemachadodematos.pt\/agrupamento\/wp-json\/wp\/v2\/pages\/4152\/revisions\/4159"}],"wp:attachment":[{"href":"https:\/\/aemachadodematos.pt\/agrupamento\/wp-json\/wp\/v2\/media?parent=4152"}],"curies":[{"name":"wp","href":"https:\/\/api.w.org\/{rel}","templated":true}]}}