{"id":4467,"date":"2025-11-13T10:52:24","date_gmt":"2025-11-13T10:52:24","guid":{"rendered":"https:\/\/aemachadodematos.pt\/agrupamento\/?page_id=4467"},"modified":"2026-02-06T13:40:51","modified_gmt":"2026-02-06T13:40:51","slug":"desportoescolar","status":"publish","type":"page","link":"https:\/\/aemachadodematos.pt\/agrupamento\/apresentacao\/desportoescolar\/","title":{"rendered":"Desporto Escolar"},"content":{"rendered":"<p>[vc_row][vc_column css=&#8221;.vc_custom_1491468571267{margin-bottom: 0px !important;}&#8221;][vc_custom_heading text=&#8221;Desporto Escolar&#8221; font_container=&#8221;tag:h1|text_align:left&#8221; use_theme_fonts=&#8221;yes&#8221; css=&#8221;.vc_custom_1763030982506{margin-top: 0px !important;margin-bottom: 20px !important;}&#8221;][vc_column_text]O <strong>Desporto Escolar <\/strong>\u00e9 uma atividade de complemento curricular que tem como objetivo promover a pr\u00e1tica regular de atividade f\u00edsica e desportiva entre os alunos. Est\u00e1 definido no <strong>Decreto-Lei n.\u00ba 95\/91, de 26 de fevereiro<\/strong>, como o conjunto de pr\u00e1ticas l\u00fadico desportivas e formativas desenvolvidas nas escolas, num regime de liberdade de participa\u00e7\u00e3o e de escolha.<br \/>\nIntegrado no <strong>plano anual de atividades da escola<\/strong>, o Desporto Escolar oferece oportunidades para todos os alunos do <strong>2.\u00ba e 3.\u00ba ciclos do ensino b\u00e1sico<\/strong> e do <strong>ensino secund\u00e1rio<\/strong> praticarem desporto, melhorarem as suas compet\u00eancias motoras e adotarem estilos de vida mais saud\u00e1veis.<br \/>\nDe acordo com a <strong>Lei de Bases do Sistema Educativo (Lei n.\u00ba 46\/86, de 14 de outubro)<\/strong>, o Desporto Escolar contribui para o desenvolvimento f\u00edsico e mental dos jovens, promovendo valores como a <strong>coopera\u00e7\u00e3o, solidariedade, autonomia e criatividade<\/strong>. Al\u00e9m disso, ajuda os alunos a compreender o desporto como um fator de <strong>cultura e de cidadania ativa<\/strong>, sendo sempre orientado por <strong>profissionais qualificados.<\/strong><br \/>\nO <strong>Programa Estrat\u00e9gico do Desporto Escolar (PEDE 2021\u20132025)<\/strong> refor\u00e7a esta miss\u00e3o, incentivando a pr\u00e1tica desportiva e a competi\u00e7\u00e3o saud\u00e1vel como meios de promo\u00e7\u00e3o do <strong>sucesso educativo<\/strong> e de <strong>estilos de vida equilibrados.<\/strong> O programa valoriza a <strong>igualdade de oportunidades<\/strong>, o <strong>respeito pela diversidade<\/strong> e o <strong>desenvolvimento integral de cada aluno<\/strong>, enquanto <strong>\u201cSer em Forma\u00e7\u00e3o\u201d<\/strong>.<br \/>\nAssim, o Desporto Escolar \u00e9 muito mais do que atividade f\u00edsica \u2014 \u00e9 um espa\u00e7o de <strong>aprendizagem, conviv\u00eancia e crescimento pessoal<\/strong>, que contribui para formar cidad\u00e3os ativos, respons\u00e1veis e solid\u00e1rios.[\/vc_column_text][vc_tta_tabs color=&#8221;orange&#8221; active_section=&#8221;1&#8243; pagination_style=&#8221;flat-round&#8221;][vc_tta_section title=&#8221;2024-25&#8243; tab_id=&#8221;1626174877606-d8478538-b44e&#8221;][vc_column_text]<\/p>\n<h1><strong>Modalidades<\/strong><\/h1>\n<ul>\n<li>Boccia<\/li>\n<li>T\u00e9nis<\/li>\n<li>T\u00e9nis de mesa<\/li>\n<li>Badminton<\/li>\n<li>Futsal<\/li>\n<li>Desporto sobre rodas<\/li>\n<li>Xadrez<\/li>\n<\/ul>\n<p>[\/vc_column_text][\/vc_tta_section][vc_tta_section title=&#8221;2025-26&#8243; tab_id=&#8221;1626174877635-8a1cade5-0ce1&#8243;][vc_column_text]<\/p>\n<h1><strong>Modalidades<\/strong><\/h1>\n<ul>\n<li>Boccia<\/li>\n<li>T\u00e9nis<\/li>\n<li>T\u00e9nis de mesa<\/li>\n<li>Futsal<\/li>\n<li>Xadrez<\/li>\n<li>Voleibol\u00a0 <img loading=\"lazy\" decoding=\"async\" class=\"alignnone wp-image-4476\" src=\"https:\/\/aemachadodematos.pt\/agrupamento\/wp-content\/uploads\/2025\/11\/new-red-corner-banner-vector_78946-2-300x115.png\" alt=\"\" width=\"39\" height=\"15\" srcset=\"https:\/\/aemachadodematos.pt\/agrupamento\/wp-content\/uploads\/2025\/11\/new-red-corner-banner-vector_78946-2-300x115.png 300w, https:\/\/aemachadodematos.pt\/agrupamento\/wp-content\/uploads\/2025\/11\/new-red-corner-banner-vector_78946-2.png 520w\" sizes=\"auto, (max-width: 39px) 100vw, 39px\" \/><\/li>\n<li>Desporto sobre rodas<\/li>\n<li>DE &#8211; Escola Ativa<\/li>\n<\/ul>\n<h1><strong>Atividades<\/strong><\/h1>\n<h3>Corta-mato<\/h3>\n<p>No passado dia 22 de janeiro, realizou-se o corta mato da CLDE do T\u00e2mega \u2013 Fase Local.<\/p>\n<p>A prova realizou-se no complexo desportivo de Lousada, com a presen\u00e7a de alunos de todo o agrupamento e em todos os escal\u00f5es.<\/p>\n<p>At\u00e9 \u00e0 pr\u00f3xima atividade\u2026<\/p>\n<h3>Semana Europeia do Desporto<\/h3>\n<p>[\/vc_column_text][\/vc_tta_section][vc_tta_section title=&#8221;Destaques de Interesse&#8221; tab_id=&#8221;1768391533209-3b92d03e-9644&#8243;][vc_column_text]<\/p>\n<h2><a href=\"https:\/\/desportoescolar.dge.medu.pt\/desporto-escolar-observatorio\">Desporto Escolar Observat\u00f3rio<\/a><\/h2>\n<p>[\/vc_column_text][\/vc_tta_section][vc_tta_section title=&#8221;Torneio de Basquetebol&#8221; tab_id=&#8221;1768391536656-ba382dc5-8692&#8243;][\/vc_tta_section][vc_tta_section title=&#8221;Torneio de Voleibol&#8221; tab_id=&#8221;1768391537424-1f97f078-05c9&#8243;][\/vc_tta_section][vc_tta_section title=&#8221;Encontros Grupo\/equipa&#8221; tab_id=&#8221;1768391538248-d1271b09-62a0&#8243;][\/vc_tta_section][vc_tta_section title=&#8221;Semana da Aptid\u00e3o F\u00edsica&#8221; tab_id=&#8221;1768391550072-3a6f5c4f-cbd7&#8243;][\/vc_tta_section][\/vc_tta_tabs][\/vc_column][\/vc_row]<\/p>\n","protected":false},"excerpt":{"rendered":"<p>[vc_row][vc_column css=&#8221;.vc_custom_1491468571267{margin-bottom: 0px !important;}&#8221;][vc_custom_heading text=&#8221;Desporto Escolar&#8221; font_container=&#8221;tag:h1|text_align:left&#8221; use_theme_fonts=&#8221;yes&#8221; css=&#8221;.vc_custom_1763030982506{margin-top: 0px !important;margin-bottom: 20px !important;}&#8221;][vc_column_text]O Desporto Escolar \u00e9 uma atividade de complemento curricular que tem como objetivo promover a pr\u00e1tica regular de atividade f\u00edsica e desportiva entre os alunos. Est\u00e1 definido no&nbsp;<a href=\"https:\/\/aemachadodematos.pt\/agrupamento\/apresentacao\/desportoescolar\/\">&hellip;<\/a><\/p>\n","protected":false},"author":1,"featured_media":0,"parent":505,"menu_order":1,"comment_status":"closed","ping_status":"closed","template":"template-sidebar-right-childpages.php","meta":{"_uag_custom_page_level_css":"","footnotes":""},"class_list":["post-4467","page","type-page","status-publish","hentry","odd"],"mb":[],"uagb_featured_image_src":{"full":false,"thumbnail":false,"medium":false,"medium_large":false,"large":false,"1536x1536":false,"2048x2048":false,"classic-grid-listing":false,"classic-list-listing":false,"modern-grid-listing":false,"product-page-image":false,"product-category-page-image":false,"post-thumbnail":false,"ed-school-featured-image":false,"ed-school-medium":false,"ed-school-medium-alt":false,"ed-school-square":false,"ed-school-square-small":false},"uagb_author_info":{"display_name":"admin","author_link":"https:\/\/aemachadodematos.pt\/agrupamento\/author\/admin\/"},"uagb_comment_info":0,"uagb_excerpt":"[vc_row][vc_column css=&#8221;.vc_custom_1491468571267{margin-bottom: 0px !important;}&#8221;][vc_custom_heading text=&#8221;Desporto Escolar&#8221; font_container=&#8221;tag:h1|text_align:left&#8221; use_theme_fonts=&#8221;yes&#8221; css=&#8221;.vc_custom_1763030982506{margin-top: 0px !important;margin-bottom: 20px !important;}&#8221;][vc_column_text]O Desporto Escolar \u00e9 uma atividade de complemento curricular que tem como objetivo promover a pr\u00e1tica regular de atividade f\u00edsica e desportiva entre os alunos. Est\u00e1 definido no&nbsp;&hellip;","mfb_rest_fields":["title","uagb_featured_image_src","uagb_author_info","uagb_comment_info","uagb_excerpt"],"_links":{"self":[{"href":"https:\/\/aemachadodematos.pt\/agrupamento\/wp-json\/wp\/v2\/pages\/4467","targetHints":{"allow":["GET"]}}],"collection":[{"href":"https:\/\/aemachadodematos.pt\/agrupamento\/wp-json\/wp\/v2\/pages"}],"about":[{"href":"https:\/\/aemachadodematos.pt\/agrupamento\/wp-json\/wp\/v2\/types\/page"}],"author":[{"embeddable":true,"href":"https:\/\/aemachadodematos.pt\/agrupamento\/wp-json\/wp\/v2\/users\/1"}],"replies":[{"embeddable":true,"href":"https:\/\/aemachadodematos.pt\/agrupamento\/wp-json\/wp\/v2\/comments?post=4467"}],"version-history":[{"count":9,"href":"https:\/\/aemachadodematos.pt\/agrupamento\/wp-json\/wp\/v2\/pages\/4467\/revisions"}],"predecessor-version":[{"id":4670,"href":"https:\/\/aemachadodematos.pt\/agrupamento\/wp-json\/wp\/v2\/pages\/4467\/revisions\/4670"}],"up":[{"embeddable":true,"href":"https:\/\/aemachadodematos.pt\/agrupamento\/wp-json\/wp\/v2\/pages\/505"}],"wp:attachment":[{"href":"https:\/\/aemachadodematos.pt\/agrupamento\/wp-json\/wp\/v2\/media?parent=4467"}],"curies":[{"name":"wp","href":"https:\/\/api.w.org\/{rel}","templated":true}]}}